{"id":1740,"date":"2022-04-07T14:20:21","date_gmt":"2022-04-07T12:20:21","guid":{"rendered":"https:\/\/www.groupe-mhodul.fr\/hydra\/"},"modified":"2024-07-17T17:37:23","modified_gmt":"2024-07-17T15:37:23","slug":"hydra","status":"publish","type":"page","link":"https:\/\/www.groupe-mhodul.fr\/en\/hydra\/","title":{"rendered":"Hydra"},"content":{"rendered":"\n<div class=\"wp-block-group content-metier\"><div class=\"wp-block-group__inner-container is-layout-flow wp-block-group-is-layout-flow\">\n<div class=\"wp-block-columns inverse-column is-layout-flex wp-container-core-columns-is-layout-9d6595d7 wp-block-columns-is-layout-flex\">\n<div class=\"wp-block-column is-layout-flow wp-block-column-is-layout-flow\">\n<figure class=\"wp-block-image size-full\"><img decoding=\"async\" src=\"https:\/\/www.groupe-mhodul.fr\/wp-content\/uploads\/2024\/07\/IMG_4629-scaled.jpg\" alt=\"\" class=\"wp-image-2395\"\/><\/figure>\n\n\n\n<div class=\"wp-block-columns is-not-stacked-on-mobile vignettes-projets is-layout-flex wp-container-core-columns-is-layout-9d6595d7 wp-block-columns-is-layout-flex\">\n<div class=\"wp-block-column is-layout-flow wp-block-column-is-layout-flow\">\n<figure class=\"wp-block-gallery has-nested-images columns-default is-cropped wp-block-gallery-1 is-layout-flex wp-block-gallery-is-layout-flex\">\n<figure class=\"wp-block-image size-medium\"><img decoding=\"async\" data-id=\"2376\" src=\"https:\/\/www.groupe-mhodul.fr\/wp-content\/uploads\/2024\/07\/Salle-Gaillard-Diner-scaled-e1720624034888-300x300.jpg\" alt=\"\" class=\"wp-image-2376\"\/><\/figure>\n\n\n\n<figure class=\"wp-block-image size-medium\"><img decoding=\"async\" data-id=\"2629\" src=\"https:\/\/www.groupe-mhodul.fr\/wp-content\/uploads\/2024\/07\/image00024-225x300.jpeg\" alt=\"\" class=\"wp-image-2629\"\/><\/figure>\n\n\n\n<figure class=\"wp-block-image size-medium\"><img decoding=\"async\" data-id=\"2371\" src=\"https:\/\/www.groupe-mhodul.fr\/wp-content\/uploads\/2024\/07\/Salle-RIQUET-300x225.jpg\" alt=\"\" class=\"wp-image-2371\"\/><\/figure>\n<\/figure>\n<\/div>\n<\/div>\n\n\n\n<div class=\"wp-block-columns is-layout-flex wp-container-core-columns-is-layout-9d6595d7 wp-block-columns-is-layout-flex\">\n<div class=\"wp-block-column is-layout-flow wp-block-column-is-layout-flow\" style=\"flex-basis:15%\">\n<div style=\"height:10px\" aria-hidden=\"true\" class=\"wp-block-spacer\"><\/div>\n<\/div>\n\n\n\n<div class=\"wp-block-column is-layout-flow wp-block-column-is-layout-flow\">\n<h2 class=\"wp-block-heading txt-color3 mb-10 h1\">\u00ab Cet outil nous permet de d\u00e9velopper et de valoriser nos biens mis \u00e0 la disposition de nos clients. \u00bb<\/h2>\n\n\n\n<p class=\"txt-color3 txt-large\">Olivier Marty, architecte associ\u00e9<\/p>\n\n\n\n<div class=\"wp-block-buttons is-layout-flex wp-block-buttons-is-layout-flex\">\n<div class=\"wp-block-button\"><a class=\"wp-block-button__link wp-element-button\" href=\"mailto:hydra@groupe-mhodul.fr\">contact<\/a><\/div>\n<\/div>\n\n\n\n<div style=\"height:100px\" aria-hidden=\"true\" class=\"wp-block-spacer no-mobile\"><\/div>\n<\/div>\n\n\n\n<div class=\"wp-block-column is-layout-flow wp-block-column-is-layout-flow\" style=\"flex-basis:15%\">\n<div style=\"height:10px\" aria-hidden=\"true\" class=\"wp-block-spacer\"><\/div>\n<\/div>\n<\/div>\n<\/div>\n\n\n\n<div class=\"wp-block-column is-vertically-aligned-bottom pr-20 is-layout-flow wp-block-column-is-layout-flow\" style=\"flex-basis:20%\">\n<figure class=\"wp-block-image size-medium is-resized\"><img loading=\"lazy\" decoding=\"async\" width=\"300\" height=\"300\" src=\"https:\/\/www.groupe-mhodul.fr\/wp-content\/uploads\/2022\/04\/6-pictos-gras-512x512px6-300x300.png\" alt=\"\" class=\"wp-image-591\" style=\"width:150px;height:150px\" srcset=\"https:\/\/www.groupe-mhodul.fr\/wp-content\/uploads\/2022\/04\/6-pictos-gras-512x512px6-300x300.png 300w, https:\/\/www.groupe-mhodul.fr\/wp-content\/uploads\/2022\/04\/6-pictos-gras-512x512px6-150x150.png 150w, https:\/\/www.groupe-mhodul.fr\/wp-content\/uploads\/2022\/04\/6-pictos-gras-512x512px6.png 512w\" sizes=\"auto, (max-width: 300px) 100vw, 300px\" \/><\/figure>\n\n\n\n<h1 class=\"wp-block-heading mb-0 titre-filiale\"> Hydra<\/h1>\n\n\n\n<p class=\"txt-large txt-sbold mb-10\">fonci\u00e8re immobili\u00e8re<\/p>\n\n\n\n<p><strong>Hydra<\/strong> a pour vocation la gestion et l\u2019exploitation du portefeuille foncier et immobilier du groupe. Elle op\u00e8re \u00e0 tous les niveaux pour valoriser, commercialiser et entretenir son patrimoine.<\/p>\n\n\n\n<p>De par sa position, la plus en aval de toutes les activit\u00e9s du groupe, <strong>Hydra<\/strong> b\u00e9n\u00e9ficie de nombreux retours d\u2019exp\u00e9rience sur les lieux de vie con\u00e7us et d\u00e9velopp\u00e9s par le groupe. Usages, p\u00e9rennit\u00e9, maintenance, co\u00fbts : l\u2019analyse de donn\u00e9es permet un enrichissement technique, administratif et financier mutualis\u00e9 \u00e0 toutes les filiales.<\/p>\n\n\n\n<p class=\"txt-color3 txt-sbold mb-0\">cr\u00e9ation<\/p>\n\n\n\n<p class=\"mb-10\">2019<\/p>\n\n\n\n<p class=\"txt-color3 txt-sbold mb-0\">directeur g\u00e9n\u00e9ral associ\u00e9<\/p>\n\n\n\n<p class=\"mb-10\">Olivier Marty<\/p>\n\n\n\n<p class=\"txt-color3 txt-sbold mb-0\">standard<\/p>\n\n\n\n<p class=\"mb-10\">33 (0)4 67 30 87 41<\/p>\n\n\n\n<p class=\"txt-color3 txt-sbold mb-0\">courrier<\/p>\n\n\n\n<p class=\"mb-10\">2, all\u00e9e de l\u2019Espinouse <br>CS 50 120<br>34 760 Boujan \/ Libron<br>cedex<\/p>\n\n\n\n<p class=\"txt-color3 txt-sbold mb-0\">m\u00e9l<\/p>\n\n\n\n<p>contact@hydra-immobilier.fr<\/p>\n\n\n\n<div style=\"height:20px\" aria-hidden=\"true\" class=\"wp-block-spacer\"><\/div>\n\n\n\n<div class=\"wp-block-buttons is-layout-flex wp-block-buttons-is-layout-flex\">\n<div class=\"wp-block-button\"><a class=\"wp-block-button__link wp-element-button\" href=\"http:\/\/www.groupe-mhodul.fr\/groupe-sirius\/#talents\">les talents<\/a><\/div>\n<\/div>\n\n\n\n<div style=\"height:40px\" aria-hidden=\"true\" class=\"wp-block-spacer\"><\/div>\n<\/div>\n<\/div>\n\n\n\n<div class=\"wp-block-columns is-layout-flex wp-container-core-columns-is-layout-9d6595d7 wp-block-columns-is-layout-flex\">\n<div class=\"wp-block-column is-layout-flow wp-block-column-is-layout-flow\">\n<div style=\"height:60px\" aria-hidden=\"true\" class=\"wp-block-spacer no-mobile\"><\/div>\n\n\n\n<ul class=\"nav-filiales wp-block-list\"><li><a href=\"http:\/\/www.groupe-mhodul.fr\/naos\/\"><strong>Naos<\/strong> \/OMLB<\/a><\/li><li><a href=\"http:\/\/www.groupe-mhodul.fr\/altair\/\"><strong>Alta\u00efr<\/strong> \/AMP<\/a><\/li><li><a href=\"http:\/\/www.groupe-mhodul.fr\/vega\/\"><strong>V\u00e9ga<\/strong> \/Maliver<\/a><\/li><li><strong><a href=\"http:\/\/www.groupe-mhodul.fr\/heka\/\">H\u00e9ka<\/a><\/strong><\/li><li><a href=\"http:\/\/www.groupe-mhodul.fr\/maia\/\"><strong>Ma\u00efa<\/strong> \/m&amp;m<\/a><\/li><li><strong><a href=\"http:\/\/www.groupe-mhodul.fr\/hydra\/\">Hydra<\/a><\/strong><\/li><\/ul>\n<\/div>\n<\/div>\n<\/div><\/div>\n","protected":false},"excerpt":{"rendered":"<p>\u00ab Cet outil nous permet de d\u00e9velopper et de valoriser nos biens mis \u00e0 la disposition de nos clients. \u00bb Olivier Marty, architecte associ\u00e9 Hydra fonci\u00e8re immobili\u00e8re Hydra a pour vocation la gestion et l\u2019exploitation du portefeuille foncier et immobilier du groupe. Elle op\u00e8re \u00e0 tous les niveaux pour valoriser, commercialiser et entretenir son patrimoine. [&hellip;]<\/p>\n","protected":false},"author":2,"featured_media":0,"parent":0,"menu_order":0,"comment_status":"closed","ping_status":"closed","template":"","meta":{"footnotes":""},"class_list":["post-1740","page","type-page","status-publish","hentry"],"acf":[],"yoast_head":"<!-- This site is optimized with the Yoast SEO plugin v27.4 - https:\/\/yoast.com\/product\/yoast-seo-wordpress\/ -->\n<title>Hydra - Groupe Mhodul<\/title>\n<meta name=\"description\" content=\"Le groupe Sirius propose aujourd\u2019hui \u00e0 ses clients, publics et priv\u00e9s, une ma\u00eetrise d\u2019oeuvre globale permettant d\u2019imaginer, de d\u00e9velopper et de livrer des lieux de vie qualitatifs et durables au sein d\u2019un territoire, le grand Sud.\" \/>\n<meta name=\"robots\" content=\"index, follow, max-snippet:-1, max-image-preview:large, max-video-preview:-1\" \/>\n<link rel=\"canonical\" href=\"https:\/\/www.groupe-mhodul.fr\/en\/hydra\/\" \/>\n<meta property=\"og:locale\" content=\"en_US\" \/>\n<meta property=\"og:type\" content=\"article\" \/>\n<meta property=\"og:title\" content=\"Hydra - Groupe Mhodul\" \/>\n<meta property=\"og:description\" content=\"Le groupe Sirius propose aujourd\u2019hui \u00e0 ses clients, publics et priv\u00e9s, une ma\u00eetrise d\u2019oeuvre globale permettant d\u2019imaginer, de d\u00e9velopper et de livrer des lieux de vie qualitatifs et durables au sein d\u2019un territoire, le grand Sud.\" \/>\n<meta property=\"og:url\" content=\"https:\/\/www.groupe-mhodul.fr\/en\/hydra\/\" \/>\n<meta property=\"og:site_name\" content=\"Groupe Mhodul\" \/>\n<meta property=\"article:modified_time\" content=\"2024-07-17T15:37:23+00:00\" \/>\n<meta property=\"og:image\" content=\"https:\/\/www.groupe-mhodul.fr\/wp-content\/uploads\/2024\/07\/IMG_4629-scaled.jpg\" \/>\n<meta name=\"twitter:card\" content=\"summary_large_image\" \/>\n<meta name=\"twitter:label1\" content=\"Est. reading time\" \/>\n\t<meta name=\"twitter:data1\" content=\"2 minutes\" \/>\n<script type=\"application\/ld+json\" class=\"yoast-schema-graph\">{\"@context\":\"https:\\\/\\\/schema.org\",\"@graph\":[{\"@type\":\"WebPage\",\"@id\":\"https:\\\/\\\/www.groupe-mhodul.fr\\\/en\\\/hydra\\\/\",\"url\":\"https:\\\/\\\/www.groupe-mhodul.fr\\\/en\\\/hydra\\\/\",\"name\":\"Hydra - Groupe Mhodul\",\"isPartOf\":{\"@id\":\"https:\\\/\\\/www.groupe-mhodul.fr\\\/#website\"},\"primaryImageOfPage\":{\"@id\":\"https:\\\/\\\/www.groupe-mhodul.fr\\\/en\\\/hydra\\\/#primaryimage\"},\"image\":{\"@id\":\"https:\\\/\\\/www.groupe-mhodul.fr\\\/en\\\/hydra\\\/#primaryimage\"},\"thumbnailUrl\":\"https:\\\/\\\/www.groupe-mhodul.fr\\\/wp-content\\\/uploads\\\/2024\\\/07\\\/IMG_4629-scaled.jpg\",\"datePublished\":\"2022-04-07T12:20:21+00:00\",\"dateModified\":\"2024-07-17T15:37:23+00:00\",\"description\":\"Le groupe Sirius propose aujourd\u2019hui \u00e0 ses clients, publics et priv\u00e9s, une ma\u00eetrise d\u2019oeuvre globale permettant d\u2019imaginer, de d\u00e9velopper et de livrer des lieux de vie qualitatifs et durables au sein d\u2019un territoire, le grand Sud.\",\"breadcrumb\":{\"@id\":\"https:\\\/\\\/www.groupe-mhodul.fr\\\/en\\\/hydra\\\/#breadcrumb\"},\"inLanguage\":\"en-US\",\"potentialAction\":[{\"@type\":\"ReadAction\",\"target\":[\"https:\\\/\\\/www.groupe-mhodul.fr\\\/en\\\/hydra\\\/\"]}]},{\"@type\":\"ImageObject\",\"inLanguage\":\"en-US\",\"@id\":\"https:\\\/\\\/www.groupe-mhodul.fr\\\/en\\\/hydra\\\/#primaryimage\",\"url\":\"https:\\\/\\\/www.groupe-mhodul.fr\\\/wp-content\\\/uploads\\\/2024\\\/07\\\/IMG_4629-scaled.jpg\",\"contentUrl\":\"https:\\\/\\\/www.groupe-mhodul.fr\\\/wp-content\\\/uploads\\\/2024\\\/07\\\/IMG_4629-scaled.jpg\"},{\"@type\":\"BreadcrumbList\",\"@id\":\"https:\\\/\\\/www.groupe-mhodul.fr\\\/en\\\/hydra\\\/#breadcrumb\",\"itemListElement\":[{\"@type\":\"ListItem\",\"position\":1,\"name\":\"Accueil\",\"item\":\"https:\\\/\\\/www.groupe-mhodul.fr\\\/en\\\/\"},{\"@type\":\"ListItem\",\"position\":2,\"name\":\"Hydra\"}]},{\"@type\":\"WebSite\",\"@id\":\"https:\\\/\\\/www.groupe-mhodul.fr\\\/#website\",\"url\":\"https:\\\/\\\/www.groupe-mhodul.fr\\\/\",\"name\":\"Groupe Mhodul\",\"description\":\"\",\"publisher\":{\"@id\":\"https:\\\/\\\/www.groupe-mhodul.fr\\\/#organization\"},\"potentialAction\":[{\"@type\":\"SearchAction\",\"target\":{\"@type\":\"EntryPoint\",\"urlTemplate\":\"https:\\\/\\\/www.groupe-mhodul.fr\\\/?s={search_term_string}\"},\"query-input\":{\"@type\":\"PropertyValueSpecification\",\"valueRequired\":true,\"valueName\":\"search_term_string\"}}],\"inLanguage\":\"en-US\"},{\"@type\":\"Organization\",\"@id\":\"https:\\\/\\\/www.groupe-mhodul.fr\\\/#organization\",\"name\":\"Groupe Mhodul\",\"url\":\"https:\\\/\\\/www.groupe-mhodul.fr\\\/\",\"logo\":{\"@type\":\"ImageObject\",\"inLanguage\":\"en-US\",\"@id\":\"https:\\\/\\\/www.groupe-mhodul.fr\\\/#\\\/schema\\\/logo\\\/image\\\/\",\"url\":\"https:\\\/\\\/www.groupe-mhodul.fr\\\/wp-content\\\/uploads\\\/2024\\\/06\\\/cropped-Groupe_mhodul-removebg-preview-1.png\",\"contentUrl\":\"https:\\\/\\\/www.groupe-mhodul.fr\\\/wp-content\\\/uploads\\\/2024\\\/06\\\/cropped-Groupe_mhodul-removebg-preview-1.png\",\"width\":500,\"height\":500,\"caption\":\"Groupe Mhodul\"},\"image\":{\"@id\":\"https:\\\/\\\/www.groupe-mhodul.fr\\\/#\\\/schema\\\/logo\\\/image\\\/\"}}]}<\/script>\n<!-- \/ Yoast SEO plugin. -->","yoast_head_json":{"title":"Hydra - Groupe Mhodul","description":"Le groupe Sirius propose aujourd\u2019hui \u00e0 ses clients, publics et priv\u00e9s, une ma\u00eetrise d\u2019oeuvre globale permettant d\u2019imaginer, de d\u00e9velopper et de livrer des lieux de vie qualitatifs et durables au sein d\u2019un territoire, le grand Sud.","robots":{"index":"index","follow":"follow","max-snippet":"max-snippet:-1","max-image-preview":"max-image-preview:large","max-video-preview":"max-video-preview:-1"},"canonical":"https:\/\/www.groupe-mhodul.fr\/en\/hydra\/","og_locale":"en_US","og_type":"article","og_title":"Hydra - Groupe Mhodul","og_description":"Le groupe Sirius propose aujourd\u2019hui \u00e0 ses clients, publics et priv\u00e9s, une ma\u00eetrise d\u2019oeuvre globale permettant d\u2019imaginer, de d\u00e9velopper et de livrer des lieux de vie qualitatifs et durables au sein d\u2019un territoire, le grand Sud.","og_url":"https:\/\/www.groupe-mhodul.fr\/en\/hydra\/","og_site_name":"Groupe Mhodul","article_modified_time":"2024-07-17T15:37:23+00:00","og_image":[{"url":"https:\/\/www.groupe-mhodul.fr\/wp-content\/uploads\/2024\/07\/IMG_4629-scaled.jpg","type":"","width":"","height":""}],"twitter_card":"summary_large_image","twitter_misc":{"Est. reading time":"2 minutes"},"schema":{"@context":"https:\/\/schema.org","@graph":[{"@type":"WebPage","@id":"https:\/\/www.groupe-mhodul.fr\/en\/hydra\/","url":"https:\/\/www.groupe-mhodul.fr\/en\/hydra\/","name":"Hydra - Groupe Mhodul","isPartOf":{"@id":"https:\/\/www.groupe-mhodul.fr\/#website"},"primaryImageOfPage":{"@id":"https:\/\/www.groupe-mhodul.fr\/en\/hydra\/#primaryimage"},"image":{"@id":"https:\/\/www.groupe-mhodul.fr\/en\/hydra\/#primaryimage"},"thumbnailUrl":"https:\/\/www.groupe-mhodul.fr\/wp-content\/uploads\/2024\/07\/IMG_4629-scaled.jpg","datePublished":"2022-04-07T12:20:21+00:00","dateModified":"2024-07-17T15:37:23+00:00","description":"Le groupe Sirius propose aujourd\u2019hui \u00e0 ses clients, publics et priv\u00e9s, une ma\u00eetrise d\u2019oeuvre globale permettant d\u2019imaginer, de d\u00e9velopper et de livrer des lieux de vie qualitatifs et durables au sein d\u2019un territoire, le grand Sud.","breadcrumb":{"@id":"https:\/\/www.groupe-mhodul.fr\/en\/hydra\/#breadcrumb"},"inLanguage":"en-US","potentialAction":[{"@type":"ReadAction","target":["https:\/\/www.groupe-mhodul.fr\/en\/hydra\/"]}]},{"@type":"ImageObject","inLanguage":"en-US","@id":"https:\/\/www.groupe-mhodul.fr\/en\/hydra\/#primaryimage","url":"https:\/\/www.groupe-mhodul.fr\/wp-content\/uploads\/2024\/07\/IMG_4629-scaled.jpg","contentUrl":"https:\/\/www.groupe-mhodul.fr\/wp-content\/uploads\/2024\/07\/IMG_4629-scaled.jpg"},{"@type":"BreadcrumbList","@id":"https:\/\/www.groupe-mhodul.fr\/en\/hydra\/#breadcrumb","itemListElement":[{"@type":"ListItem","position":1,"name":"Accueil","item":"https:\/\/www.groupe-mhodul.fr\/en\/"},{"@type":"ListItem","position":2,"name":"Hydra"}]},{"@type":"WebSite","@id":"https:\/\/www.groupe-mhodul.fr\/#website","url":"https:\/\/www.groupe-mhodul.fr\/","name":"Groupe Mhodul","description":"","publisher":{"@id":"https:\/\/www.groupe-mhodul.fr\/#organization"},"potentialAction":[{"@type":"SearchAction","target":{"@type":"EntryPoint","urlTemplate":"https:\/\/www.groupe-mhodul.fr\/?s={search_term_string}"},"query-input":{"@type":"PropertyValueSpecification","valueRequired":true,"valueName":"search_term_string"}}],"inLanguage":"en-US"},{"@type":"Organization","@id":"https:\/\/www.groupe-mhodul.fr\/#organization","name":"Groupe Mhodul","url":"https:\/\/www.groupe-mhodul.fr\/","logo":{"@type":"ImageObject","inLanguage":"en-US","@id":"https:\/\/www.groupe-mhodul.fr\/#\/schema\/logo\/image\/","url":"https:\/\/www.groupe-mhodul.fr\/wp-content\/uploads\/2024\/06\/cropped-Groupe_mhodul-removebg-preview-1.png","contentUrl":"https:\/\/www.groupe-mhodul.fr\/wp-content\/uploads\/2024\/06\/cropped-Groupe_mhodul-removebg-preview-1.png","width":500,"height":500,"caption":"Groupe Mhodul"},"image":{"@id":"https:\/\/www.groupe-mhodul.fr\/#\/schema\/logo\/image\/"}}]}},"_links":{"self":[{"href":"https:\/\/www.groupe-mhodul.fr\/en\/wp-json\/wp\/v2\/pages\/1740","targetHints":{"allow":["GET"]}}],"collection":[{"href":"https:\/\/www.groupe-mhodul.fr\/en\/wp-json\/wp\/v2\/pages"}],"about":[{"href":"https:\/\/www.groupe-mhodul.fr\/en\/wp-json\/wp\/v2\/types\/page"}],"author":[{"embeddable":true,"href":"https:\/\/www.groupe-mhodul.fr\/en\/wp-json\/wp\/v2\/users\/2"}],"replies":[{"embeddable":true,"href":"https:\/\/www.groupe-mhodul.fr\/en\/wp-json\/wp\/v2\/comments?post=1740"}],"version-history":[{"count":21,"href":"https:\/\/www.groupe-mhodul.fr\/en\/wp-json\/wp\/v2\/pages\/1740\/revisions"}],"predecessor-version":[{"id":2644,"href":"https:\/\/www.groupe-mhodul.fr\/en\/wp-json\/wp\/v2\/pages\/1740\/revisions\/2644"}],"wp:attachment":[{"href":"https:\/\/www.groupe-mhodul.fr\/en\/wp-json\/wp\/v2\/media?parent=1740"}],"curies":[{"name":"wp","href":"https:\/\/api.w.org\/{rel}","templated":true}]}}